{"id":231,"date":"2023-12-22T15:08:46","date_gmt":"2023-12-22T18:08:46","guid":{"rendered":"https:\/\/vistoturbo.com\/?page_id=231"},"modified":"2024-04-16T17:04:40","modified_gmt":"2024-04-16T20:04:40","slug":"feedback-de-clientes","status":"publish","type":"page","link":"https:\/\/vistoturbo.com\/index.php\/feedback-de-clientes\/","title":{"rendered":"Feedback de Clientes"},"content":{"rendered":"\t\t<div data-elementor-type=\"wp-page\" data-elementor-id=\"231\" class=\"elementor elementor-231\" data-elementor-post-type=\"page\">\n\t\t\t\t\t\t\t<div class=\"elementor-element elementor-element-09d9632 e-flex e-con-boxed e-con\" data-id=\"09d9632\" data-element_type=\"container\" data-settings=\"{&quot;content_width&quot;:&quot;boxed&quot;}\">\n\t\t\t\t\t<div class=\"e-con-inner\">\n\t\t<div class=\"elementor-element elementor-element-91e679e e-con-full e-flex e-con\" data-id=\"91e679e\" data-element_type=\"container\" data-settings=\"{&quot;content_width&quot;:&quot;full&quot;}\">\n\t\t\t\t<div class=\"elementor-element elementor-element-7f2b61e elementor-widget elementor-widget-image\" data-id=\"7f2b61e\" data-element_type=\"widget\" data-widget_type=\"image.default\">\n\t\t\t\t<div class=\"elementor-widget-container\">\n\t\t\t<style>\/*! elementor - v3.15.0 - 20-08-2023 *\/\n.elementor-widget-image{text-align:center}.elementor-widget-image a{display:inline-block}.elementor-widget-image a img[src$=\".svg\"]{width:48px}.elementor-widget-image img{vertical-align:middle;display:inline-block}<\/style>\t\t\t\t\t\t\t\t\t\t\t\t<img loading=\"lazy\" decoding=\"async\" width=\"800\" height=\"943\" src=\"https:\/\/vistoturbo.com\/wp-content\/uploads\/2024\/04\/WhatsApp-Image-2024-04-13-at-15.57.19-869x1024.jpeg\" class=\"attachment-large size-large wp-image-663\" alt=\"\" srcset=\"https:\/\/vistoturbo.com\/wp-content\/uploads\/2024\/04\/WhatsApp-Image-2024-04-13-at-15.57.19-869x1024.jpeg 869w, https:\/\/vistoturbo.com\/wp-content\/uploads\/2024\/04\/WhatsApp-Image-2024-04-13-at-15.57.19-254x300.jpeg 254w, https:\/\/vistoturbo.com\/wp-content\/uploads\/2024\/04\/WhatsApp-Image-2024-04-13-at-15.57.19-768x905.jpeg 768w, https:\/\/vistoturbo.com\/wp-content\/uploads\/2024\/04\/WhatsApp-Image-2024-04-13-at-15.57.19.jpeg 1179w\" sizes=\"(max-width: 800px) 100vw, 800px\" \/>\t\t\t\t\t\t\t\t\t\t\t\t\t\t\t<\/div>\n\t\t\t\t<\/div>\n\t\t\t\t<\/div>\n\t\t<div class=\"elementor-element elementor-element-6ccfc7e e-con-full e-flex e-con\" data-id=\"6ccfc7e\" data-element_type=\"container\" data-settings=\"{&quot;content_width&quot;:&quot;full&quot;}\">\n\t\t\t\t<div class=\"elementor-element elementor-element-e9e6ded elementor-widget elementor-widget-image\" data-id=\"e9e6ded\" data-element_type=\"widget\" data-widget_type=\"image.default\">\n\t\t\t\t<div class=\"elementor-widget-container\">\n\t\t\t\t\t\t\t\t\t\t\t\t\t\t\t<img loading=\"lazy\" decoding=\"async\" width=\"768\" height=\"1024\" src=\"https:\/\/vistoturbo.com\/wp-content\/uploads\/2024\/04\/WhatsApp-Image-2024-04-13-at-15.57.19-1-768x1024.jpeg\" class=\"attachment-large size-large wp-image-662\" alt=\"\" srcset=\"https:\/\/vistoturbo.com\/wp-content\/uploads\/2024\/04\/WhatsApp-Image-2024-04-13-at-15.57.19-1-768x1024.jpeg 768w, https:\/\/vistoturbo.com\/wp-content\/uploads\/2024\/04\/WhatsApp-Image-2024-04-13-at-15.57.19-1-225x300.jpeg 225w, https:\/\/vistoturbo.com\/wp-content\/uploads\/2024\/04\/WhatsApp-Image-2024-04-13-at-15.57.19-1-1152x1536.jpeg 1152w, https:\/\/vistoturbo.com\/wp-content\/uploads\/2024\/04\/WhatsApp-Image-2024-04-13-at-15.57.19-1.jpeg 1200w\" sizes=\"(max-width: 768px) 100vw, 768px\" \/>\t\t\t\t\t\t\t\t\t\t\t\t\t\t\t<\/div>\n\t\t\t\t<\/div>\n\t\t\t\t<\/div>\n\t\t<div class=\"elementor-element elementor-element-cbceda6 e-con-full e-flex e-con\" data-id=\"cbceda6\" data-element_type=\"container\" data-settings=\"{&quot;content_width&quot;:&quot;full&quot;}\">\n\t\t\t\t<div class=\"elementor-element elementor-element-518c0cc elementor-widget elementor-widget-testimonial\" data-id=\"518c0cc\" data-element_type=\"widget\" data-widget_type=\"testimonial.default\">\n\t\t\t\t<div class=\"elementor-widget-container\">\n\t\t\t<style>\/*! elementor - v3.15.0 - 20-08-2023 *\/\n.elementor-testimonial-wrapper{overflow:hidden;text-align:center}.elementor-testimonial-wrapper .elementor-testimonial-content{font-size:1.3em;margin-bottom:20px}.elementor-testimonial-wrapper .elementor-testimonial-name{line-height:1.5;display:block}.elementor-testimonial-wrapper .elementor-testimonial-job{font-size:.85em;display:block}.elementor-testimonial-wrapper .elementor-testimonial-meta{width:100%;line-height:1}.elementor-testimonial-wrapper .elementor-testimonial-meta-inner{display:inline-block}.elementor-testimonial-wrapper .elementor-testimonial-meta .elementor-testimonial-details,.elementor-testimonial-wrapper .elementor-testimonial-meta .elementor-testimonial-image{display:table-cell;vertical-align:middle}.elementor-testimonial-wrapper .elementor-testimonial-meta .elementor-testimonial-image img{width:60px;height:60px;border-radius:50%;-o-object-fit:cover;object-fit:cover;max-width:none}.elementor-testimonial-wrapper .elementor-testimonial-meta.elementor-testimonial-image-position-aside .elementor-testimonial-image{padding-right:15px}.elementor-testimonial-wrapper .elementor-testimonial-meta.elementor-testimonial-image-position-aside .elementor-testimonial-details{text-align:left}.elementor-testimonial-wrapper .elementor-testimonial-meta.elementor-testimonial-image-position-top .elementor-testimonial-details,.elementor-testimonial-wrapper .elementor-testimonial-meta.elementor-testimonial-image-position-top .elementor-testimonial-image{display:block}.elementor-testimonial-wrapper .elementor-testimonial-meta.elementor-testimonial-image-position-top .elementor-testimonial-image{margin-bottom:20px}<\/style>\t\t<div class=\"elementor-testimonial-wrapper\">\n\t\t\t\t\t\t\t<div class=\"elementor-testimonial-content\">\"Deu tudo certo, processo tranquilo e bem r\u00e1pido com o auxilio da VISTO TURBO.\"<\/div>\n\t\t\t\n\t\t\t\t\t\t<div class=\"elementor-testimonial-meta elementor-has-image elementor-testimonial-image-position-aside\">\n\t\t\t\t<div class=\"elementor-testimonial-meta-inner\">\n\t\t\t\t\t\t\t\t\t\t\t<div class=\"elementor-testimonial-image\">\n\t\t\t\t\t\t\t<img loading=\"lazy\" decoding=\"async\" width=\"1179\" height=\"1390\" src=\"https:\/\/vistoturbo.com\/wp-content\/uploads\/2024\/04\/WhatsApp-Image-2024-04-13-at-15.57.19.jpeg\" class=\"attachment-full size-full wp-image-663\" alt=\"\" srcset=\"https:\/\/vistoturbo.com\/wp-content\/uploads\/2024\/04\/WhatsApp-Image-2024-04-13-at-15.57.19.jpeg 1179w, https:\/\/vistoturbo.com\/wp-content\/uploads\/2024\/04\/WhatsApp-Image-2024-04-13-at-15.57.19-254x300.jpeg 254w, https:\/\/vistoturbo.com\/wp-content\/uploads\/2024\/04\/WhatsApp-Image-2024-04-13-at-15.57.19-869x1024.jpeg 869w, https:\/\/vistoturbo.com\/wp-content\/uploads\/2024\/04\/WhatsApp-Image-2024-04-13-at-15.57.19-768x905.jpeg 768w\" sizes=\"(max-width: 1179px) 100vw, 1179px\" \/>\t\t\t\t\t\t<\/div>\n\t\t\t\t\t\n\t\t\t\t\t\t\t\t\t\t<div class=\"elementor-testimonial-details\">\n\t\t\t\t\t\t\t\t\t\t\t\t\t\t<div class=\"elementor-testimonial-name\">Vitoria e fam\u00edlia<\/div>\n\t\t\t\t\t\t\t\t\t\t\t\t\t\t\t\t\t\t\t\t\t\t<div class=\"elementor-testimonial-job\">@euvitoriagarrido<\/div>\n\t\t\t\t\t\t\t\t\t\t\t\t\t<\/div>\n\t\t\t\t\t\t\t\t\t<\/div>\n\t\t\t<\/div>\n\t\t\t\t\t<\/div>\n\t\t\t\t<\/div>\n\t\t\t\t<\/div>\n\t\t\t\t<\/div>\n\t\t<div class=\"elementor-element elementor-element-2837131 e-con-full e-flex e-con\" data-id=\"2837131\" data-element_type=\"container\" data-settings=\"{&quot;content_width&quot;:&quot;full&quot;}\">\n\t\t\t\t<div class=\"elementor-element elementor-element-3ec6a70 elementor-widget elementor-widget-testimonial\" data-id=\"3ec6a70\" data-element_type=\"widget\" data-widget_type=\"testimonial.default\">\n\t\t\t\t<div class=\"elementor-widget-container\">\n\t\t\t\t\t<div class=\"elementor-testimonial-wrapper\">\n\t\t\t\t\t\t\t<div class=\"elementor-testimonial-content\">\"Minha primeira viagem de avi\u00e3o foi para os EUA, Estou muito feliz e realizada por ter aproveitado minha viagem\"<\/div>\n\t\t\t\n\t\t\t\t\t\t<div class=\"elementor-testimonial-meta elementor-has-image elementor-testimonial-image-position-aside\">\n\t\t\t\t<div class=\"elementor-testimonial-meta-inner\">\n\t\t\t\t\t\t\t\t\t\t\t<div class=\"elementor-testimonial-image\">\n\t\t\t\t\t\t\t<img loading=\"lazy\" decoding=\"async\" width=\"1200\" height=\"1600\" src=\"https:\/\/vistoturbo.com\/wp-content\/uploads\/2024\/04\/WhatsApp-Image-2024-04-13-at-15.57.19-1.jpeg\" class=\"attachment-full size-full wp-image-662\" alt=\"\" srcset=\"https:\/\/vistoturbo.com\/wp-content\/uploads\/2024\/04\/WhatsApp-Image-2024-04-13-at-15.57.19-1.jpeg 1200w, https:\/\/vistoturbo.com\/wp-content\/uploads\/2024\/04\/WhatsApp-Image-2024-04-13-at-15.57.19-1-225x300.jpeg 225w, https:\/\/vistoturbo.com\/wp-content\/uploads\/2024\/04\/WhatsApp-Image-2024-04-13-at-15.57.19-1-768x1024.jpeg 768w, https:\/\/vistoturbo.com\/wp-content\/uploads\/2024\/04\/WhatsApp-Image-2024-04-13-at-15.57.19-1-1152x1536.jpeg 1152w\" sizes=\"(max-width: 1200px) 100vw, 1200px\" \/>\t\t\t\t\t\t<\/div>\n\t\t\t\t\t\n\t\t\t\t\t\t\t\t\t\t<div class=\"elementor-testimonial-details\">\n\t\t\t\t\t\t\t\t\t\t\t\t\t\t<div class=\"elementor-testimonial-name\">An\u00e9sia<\/div>\n\t\t\t\t\t\t\t\t\t\t\t\t\t\t\t\t\t\t\t\t\t\t<div class=\"elementor-testimonial-job\">@anesia.martins52<\/div>\n\t\t\t\t\t\t\t\t\t\t\t\t\t<\/div>\n\t\t\t\t\t\t\t\t\t<\/div>\n\t\t\t<\/div>\n\t\t\t\t\t<\/div>\n\t\t\t\t<\/div>\n\t\t\t\t<\/div>\n\t\t\t\t<\/div>\n\t\t\t\t\t<\/div>\n\t\t\t\t<\/div>\n\t\t<div class=\"elementor-element elementor-element-7e98de2 e-flex e-con-boxed e-con\" data-id=\"7e98de2\" data-element_type=\"container\" data-settings=\"{&quot;content_width&quot;:&quot;boxed&quot;}\">\n\t\t\t\t\t<div class=\"e-con-inner\">\n\t\t\t\t<div class=\"elementor-element elementor-element-0e31e3b elementor-skin-carousel elementor-arrows-yes elementor-pagination-type-bullets elementor-pagination-position-outside elementor-widget elementor-widget-media-carousel\" data-id=\"0e31e3b\" data-element_type=\"widget\" data-settings=\"{&quot;skin&quot;:&quot;carousel&quot;,&quot;effect&quot;:&quot;slide&quot;,&quot;show_arrows&quot;:&quot;yes&quot;,&quot;pagination&quot;:&quot;bullets&quot;,&quot;speed&quot;:500,&quot;autoplay&quot;:&quot;yes&quot;,&quot;autoplay_speed&quot;:5000,&quot;loop&quot;:&quot;yes&quot;,&quot;pause_on_hover&quot;:&quot;yes&quot;,&quot;pause_on_interaction&quot;:&quot;yes&quot;,&quot;space_between&quot;:{&quot;unit&quot;:&quot;px&quot;,&quot;size&quot;:10,&quot;sizes&quot;:[]},&quot;space_between_tablet&quot;:{&quot;unit&quot;:&quot;px&quot;,&quot;size&quot;:10,&quot;sizes&quot;:[]},&quot;space_between_mobile&quot;:{&quot;unit&quot;:&quot;px&quot;,&quot;size&quot;:10,&quot;sizes&quot;:[]}}\" data-widget_type=\"media-carousel.default\">\n\t\t\t\t<div class=\"elementor-widget-container\">\n\t\t\t<link rel=\"stylesheet\" href=\"https:\/\/vistoturbo.com\/wp-content\/plugins\/elementor-pro\/assets\/css\/widget-carousel.min.css\">\t\t<div class=\"elementor-swiper\">\n\t\t\t<div class=\"elementor-main-swiper swiper\">\n\t\t\t\t<div class=\"swiper-wrapper\">\n\t\t\t\t\t\t\t\t\t\t\t<div class=\"swiper-slide\">\n\t\t\t\t\t\t\t\t\t<div class=\"elementor-carousel-image\" role=\"img\" aria-label=\"WhatsApp Image 2024-04-13 at 15.57.19\" style=\"background-image: url(&#039;https:\/\/vistoturbo.com\/wp-content\/uploads\/2024\/04\/WhatsApp-Image-2024-04-13-at-15.57.19.jpeg&#039;)\">\n\n\t\t\t\n\t\t\t\t\t<\/div>\n\t\t\t\t\t\t\t\t<\/div>\n\t\t\t\t\t\t\t\t\t\t\t<div class=\"swiper-slide\">\n\t\t\t\t\t\t\t\t\t<div class=\"elementor-carousel-image\" role=\"img\" aria-label=\"WhatsApp Image 2024-04-13 at 15.57.19 (1)\" style=\"background-image: url(&#039;https:\/\/vistoturbo.com\/wp-content\/uploads\/2024\/04\/WhatsApp-Image-2024-04-13-at-15.57.19-1.jpeg&#039;)\">\n\n\t\t\t\n\t\t\t\t\t<\/div>\n\t\t\t\t\t\t\t\t<\/div>\n\t\t\t\t\t\t\t\t\t\t\t<div class=\"swiper-slide\">\n\t\t\t\t\t\t\t\t\t<div class=\"elementor-carousel-image\" role=\"img\" aria-label=\"WhatsApp Image 2024-04-13 at 15.57.22\" style=\"background-image: url(&#039;https:\/\/vistoturbo.com\/wp-content\/uploads\/2024\/04\/WhatsApp-Image-2024-04-13-at-15.57.22.jpeg&#039;)\">\n\n\t\t\t\n\t\t\t\t\t<\/div>\n\t\t\t\t\t\t\t\t<\/div>\n\t\t\t\t\t\t\t\t\t\t\t<div class=\"swiper-slide\">\n\t\t\t\t\t\t\t\t\t<div class=\"elementor-carousel-image\" role=\"img\" aria-label=\"WhatsApp Image 2024-04-13 at 15.58.04\" style=\"background-image: url(&#039;https:\/\/vistoturbo.com\/wp-content\/uploads\/2024\/04\/WhatsApp-Image-2024-04-13-at-15.58.04.jpeg&#039;)\">\n\n\t\t\t\n\t\t\t\t\t<\/div>\n\t\t\t\t\t\t\t\t<\/div>\n\t\t\t\t\t\t\t\t\t\t\t<div class=\"swiper-slide\">\n\t\t\t\t\t\t\t\t\t<div class=\"elementor-carousel-image\" role=\"img\" aria-label=\"WhatsApp Image 2024-04-13 at 16.44.27\" style=\"background-image: url(&#039;https:\/\/vistoturbo.com\/wp-content\/uploads\/2024\/04\/WhatsApp-Image-2024-04-13-at-16.44.27.jpeg&#039;)\">\n\n\t\t\t\n\t\t\t\t\t<\/div>\n\t\t\t\t\t\t\t\t<\/div>\n\t\t\t\t\t\t\t\t\t<\/div>\n\t\t\t\t\t\t\t\t\t\t\t\t\t\t\t<div class=\"swiper-pagination\"><\/div>\n\t\t\t\t\t\t\t\t\t\t\t\t\t\t\t\t<div class=\"elementor-swiper-button elementor-swiper-button-prev\" role=\"button\" tabindex=\"0\">\n\t\t\t\t\t\t\t<i aria-hidden=\"true\" class=\"eicon-chevron-left\"><\/i>\t\t\t\t\t\t\t<span class=\"elementor-screen-only\">Previous<\/span>\n\t\t\t\t\t\t<\/div>\n\t\t\t\t\t\t<div class=\"elementor-swiper-button elementor-swiper-button-next\" role=\"button\" tabindex=\"0\">\n\t\t\t\t\t\t\t<i aria-hidden=\"true\" class=\"eicon-chevron-right\"><\/i>\t\t\t\t\t\t\t<span class=\"elementor-screen-only\">Next<\/span>\n\t\t\t\t\t\t<\/div>\n\t\t\t\t\t\t\t\t\t\t\t\t<\/div>\n\t\t<\/div>\n\t\t\t\t<\/div>\n\t\t\t\t<\/div>\n\t\t\t\t\t<\/div>\n\t\t\t\t<\/div>\n\t\t\t\t\t\t\t<\/div>\n\t\t","protected":false},"excerpt":{"rendered":"<p>&#8220;Deu tudo certo, processo tranquilo e bem r\u00e1pido com o auxilio da VISTO TURBO.&#8221; Vitoria e fam\u00edlia @euvitoriagarrido &#8220;Minha primeira viagem de avi\u00e3o foi para os EUA, Estou muito feliz e realizada por ter aproveitado minha viagem&#8221; An\u00e9sia @anesia.martins52 Previous Next<\/p>\n","protected":false},"author":1,"featured_media":0,"parent":0,"menu_order":0,"comment_status":"closed","ping_status":"closed","template":"","meta":{"footnotes":""},"_links":{"self":[{"href":"https:\/\/vistoturbo.com\/index.php\/wp-json\/wp\/v2\/pages\/231"}],"collection":[{"href":"https:\/\/vistoturbo.com\/index.php\/wp-json\/wp\/v2\/pages"}],"about":[{"href":"https:\/\/vistoturbo.com\/index.php\/wp-json\/wp\/v2\/types\/page"}],"author":[{"embeddable":true,"href":"https:\/\/vistoturbo.com\/index.php\/wp-json\/wp\/v2\/users\/1"}],"replies":[{"embeddable":true,"href":"https:\/\/vistoturbo.com\/index.php\/wp-json\/wp\/v2\/comments?post=231"}],"version-history":[{"count":4,"href":"https:\/\/vistoturbo.com\/index.php\/wp-json\/wp\/v2\/pages\/231\/revisions"}],"predecessor-version":[{"id":726,"href":"https:\/\/vistoturbo.com\/index.php\/wp-json\/wp\/v2\/pages\/231\/revisions\/726"}],"wp:attachment":[{"href":"https:\/\/vistoturbo.com\/index.php\/wp-json\/wp\/v2\/media?parent=231"}],"curies":[{"name":"wp","href":"https:\/\/api.w.org\/{rel}","templated":true}]}}