{"id":229,"date":"2023-12-22T15:08:27","date_gmt":"2023-12-22T18:08:27","guid":{"rendered":"https:\/\/vistoturbo.com\/?page_id=229"},"modified":"2023-12-30T13:08:11","modified_gmt":"2023-12-30T16:08:11","slug":"servicos","status":"publish","type":"page","link":"https:\/\/vistoturbo.com\/index.php\/servicos\/","title":{"rendered":"Servi\u00e7os"},"content":{"rendered":"\t\t<div data-elementor-type=\"wp-page\" data-elementor-id=\"229\" class=\"elementor elementor-229\" data-elementor-post-type=\"page\">\n\t\t\t\t\t\t\t<div class=\"elementor-element elementor-element-e1b1cf4 e-flex e-con-boxed e-con\" data-id=\"e1b1cf4\" data-element_type=\"container\" data-settings=\"{&quot;content_width&quot;:&quot;boxed&quot;}\">\n\t\t\t\t\t<div class=\"e-con-inner\">\n\t\t\t\t<div class=\"elementor-element elementor-element-7ee54c2 elementor-widget elementor-widget-heading\" data-id=\"7ee54c2\" data-element_type=\"widget\" data-widget_type=\"heading.default\">\n\t\t\t\t<div class=\"elementor-widget-container\">\n\t\t\t<style>\/*! elementor - v3.15.0 - 20-08-2023 *\/\n.elementor-heading-title{padding:0;margin:0;line-height:1}.elementor-widget-heading .elementor-heading-title[class*=elementor-size-]>a{color:inherit;font-size:inherit;line-height:inherit}.elementor-widget-heading .elementor-heading-title.elementor-size-small{font-size:15px}.elementor-widget-heading .elementor-heading-title.elementor-size-medium{font-size:19px}.elementor-widget-heading .elementor-heading-title.elementor-size-large{font-size:29px}.elementor-widget-heading .elementor-heading-title.elementor-size-xl{font-size:39px}.elementor-widget-heading .elementor-heading-title.elementor-size-xxl{font-size:59px}<\/style><h2 class=\"elementor-heading-title elementor-size-default\">Servi\u00e7os<\/h2>\t\t<\/div>\n\t\t\t\t<\/div>\n\t\t\t\t\t<\/div>\n\t\t\t\t<\/div>\n\t\t<div class=\"elementor-element elementor-element-1dbd6a3 e-flex e-con-boxed e-con\" data-id=\"1dbd6a3\" data-element_type=\"container\" data-settings=\"{&quot;content_width&quot;:&quot;boxed&quot;}\">\n\t\t\t\t\t<div class=\"e-con-inner\">\n\t\t\t\t<div class=\"elementor-element elementor-element-904c9b7 elementor-widget elementor-widget-text-editor\" data-id=\"904c9b7\" data-element_type=\"widget\" data-widget_type=\"text-editor.default\">\n\t\t\t\t<div class=\"elementor-widget-container\">\n\t\t\t<style>\/*! elementor - v3.15.0 - 20-08-2023 *\/\n.elementor-widget-text-editor.elementor-drop-cap-view-stacked .elementor-drop-cap{background-color:#69727d;color:#fff}.elementor-widget-text-editor.elementor-drop-cap-view-framed .elementor-drop-cap{color:#69727d;border:3px solid;background-color:transparent}.elementor-widget-text-editor:not(.elementor-drop-cap-view-default) .elementor-drop-cap{margin-top:8px}.elementor-widget-text-editor:not(.elementor-drop-cap-view-default) .elementor-drop-cap-letter{width:1em;height:1em}.elementor-widget-text-editor .elementor-drop-cap{float:left;text-align:center;line-height:1;font-size:50px}.elementor-widget-text-editor .elementor-drop-cap-letter{display:inline-block}<\/style>\t\t\t\t<p>Facilitamos o seu processo de obten\u00e7\u00e3o da autoriza\u00e7\u00e3o para entrada nos Estados Unidos!<\/p>\t\t\t\t\t\t<\/div>\n\t\t\t\t<\/div>\n\t\t\t\t\t<\/div>\n\t\t\t\t<\/div>\n\t\t<div class=\"elementor-element elementor-element-60265ae e-flex e-con-boxed e-con\" data-id=\"60265ae\" data-element_type=\"container\" data-settings=\"{&quot;content_width&quot;:&quot;boxed&quot;}\">\n\t\t\t\t\t<div class=\"e-con-inner\">\n\t\t\t\t<div class=\"elementor-element elementor-element-4b45a67 animated-slow elementor-view-default elementor-position-top elementor-mobile-position-top elementor-widget elementor-widget-icon-box\" data-id=\"4b45a67\" data-element_type=\"widget\" data-settings=\"{&quot;_animation&quot;:&quot;none&quot;,&quot;_animation_delay&quot;:300,&quot;_animation_mobile&quot;:&quot;fadeInUp&quot;}\" data-widget_type=\"icon-box.default\">\n\t\t\t\t<div class=\"elementor-widget-container\">\n\t\t\t<link rel=\"stylesheet\" href=\"https:\/\/vistoturbo.com\/wp-content\/plugins\/elementor\/assets\/css\/widget-icon-box.min.css\">\t\t<div class=\"elementor-icon-box-wrapper\">\n\t\t\t\t\t\t<div class=\"elementor-icon-box-icon\">\n\t\t\t\t<span class=\"elementor-icon elementor-animation-\" >\n\t\t\t\t<svg xmlns=\"http:\/\/www.w3.org\/2000\/svg\" viewBox=\"0 0 512 512\"><path d=\"m437.019531 74.980469c-48.351562-48.351563-112.640625-74.980469-181.019531-74.980469s-132.667969 26.628906-181.019531 74.980469c-48.351563 48.351562-74.980469 112.640625-74.980469 181.019531s26.628906 132.667969 74.980469 181.019531c48.351562 48.351563 112.640625 74.980469 181.019531 74.980469s132.667969-26.628906 181.019531-74.980469c48.351563-48.351562 74.980469-112.640625 74.980469-181.019531s-26.628906-132.667969-74.980469-181.019531zm-325.914062 354.316406c8.453125-72.734375 70.988281-128.890625 144.894531-128.890625 38.960938 0 75.597656 15.179688 103.15625 42.734375 23.28125 23.285156 37.964844 53.6875 41.742188 86.152344-39.257813 32.878906-89.804688 52.707031-144.898438 52.707031s-105.636719-19.824219-144.894531-52.703125zm144.894531-159.789063c-42.871094 0-77.753906-34.882812-77.753906-77.753906 0-42.875 34.882812-77.753906 77.753906-77.753906s77.753906 34.878906 77.753906 77.753906c0 42.871094-34.882812 77.753906-77.753906 77.753906zm170.71875 134.425782c-7.644531-30.820313-23.585938-59.238282-46.351562-82.003906-18.4375-18.4375-40.25-32.269532-64.039063-40.9375 28.597656-19.394532 47.425781-52.160157 47.425781-89.238282 0-59.414062-48.339844-107.753906-107.753906-107.753906s-107.753906 48.339844-107.753906 107.753906c0 37.097656 18.84375 69.875 47.464844 89.265625-21.886719 7.976563-42.140626 20.308594-59.566407 36.542969-25.234375 23.5-42.757812 53.464844-50.882812 86.347656-34.410157-39.667968-55.261719-91.398437-55.261719-147.910156 0-124.617188 101.382812-226 226-226s226 101.382812 226 226c0 56.523438-20.859375 108.265625-55.28125 147.933594zm0 0\"><\/path><\/svg>\t\t\t\t<\/span>\n\t\t\t<\/div>\n\t\t\t\t\t\t<div class=\"elementor-icon-box-content\">\n\t\t\t\t<h3 class=\"elementor-icon-box-title\">\n\t\t\t\t\t<span  >\n\t\t\t\t\t\tAn\u00e1lise de perfil\t\t\t\t\t<\/span>\n\t\t\t\t<\/h3>\n\t\t\t\t\t\t\t<\/div>\n\t\t<\/div>\n\t\t\t\t<\/div>\n\t\t\t\t<\/div>\n\t\t\t\t<div class=\"elementor-element elementor-element-181fecd animated-slow elementor-view-default elementor-position-top elementor-mobile-position-top elementor-widget elementor-widget-icon-box\" data-id=\"181fecd\" data-element_type=\"widget\" data-settings=\"{&quot;_animation&quot;:&quot;none&quot;,&quot;_animation_delay&quot;:300}\" data-widget_type=\"icon-box.default\">\n\t\t\t\t<div class=\"elementor-widget-container\">\n\t\t\t\t\t<div class=\"elementor-icon-box-wrapper\">\n\t\t\t\t\t\t<div class=\"elementor-icon-box-icon\">\n\t\t\t\t<span class=\"elementor-icon elementor-animation-\" >\n\t\t\t\t<svg xmlns=\"http:\/\/www.w3.org\/2000\/svg\" viewBox=\"0 0 96 96\" width=\"512\" height=\"512\"><g><path d=\"M76,4H20a4.0045,4.0045,0,0,0-4,4V78a4.0015,4.0015,0,0,0,3.8247,3.9844l53.6084,9.54A3,3,0,0,0,77,88.5786L77,81a.9391.9391,0,0,0-.0277-.137C78.606,80.2186,80,79.2826,80,78V8A4.0045,4.0045,0,0,0,76,4ZM75,88.5786a.9866.9866,0,0,1-.3633.771,1.0036,1.0036,0,0,1-.8393.2085l-29.1-5.1787,27.207,2.6162A1,1,0,0,0,73,86V81.8979a20.2556,20.2556,0,0,0,2-.405ZM40.8484,82H71v2.8994ZM72,80H20a2.002,2.002,0,0,1-2-2V8a2.002,2.002,0,0,1,2-2H76a2.002,2.002,0,0,1,2,2l.0088,69.9414C77.687,78.7285,73.69,80,72,80Z\"><\/path><path d=\"M25,10H22a1,1,0,0,0-1,1v8a1,1,0,0,0,2,0V16h2a2.002,2.002,0,0,0,2-2V12A2.002,2.002,0,0,0,25,10Zm-2,4V12h2l.0015,2Z\"><\/path><path d=\"M53,10H50a1,1,0,0,0-1,1v8a1,1,0,0,0,2,0V16h2a2.002,2.002,0,0,0,2-2V12A2.002,2.002,0,0,0,53,10Zm-2,4V12h2l.0015,2Z\"><\/path><path d=\"M60,20H58a2.002,2.002,0,0,1-2-2V12a2.002,2.002,0,0,1,2-2h2a2.002,2.002,0,0,1,2,2v6A2.002,2.002,0,0,1,60,20Zm-2-8v6h2.0015L60,12Z\"><\/path><path d=\"M39,20H37a2.002,2.002,0,0,1-2-2V17a1,1,0,0,1,2,0v1h2V16.6182l-2.8945-1.4473A1.9893,1.9893,0,0,1,35,13.3818V12a2.002,2.002,0,0,1,2-2h2a2.002,2.002,0,0,1,2,2v1a1,1,0,0,1-2,0V12H37v1.3818l2.8945,1.4473A1.9893,1.9893,0,0,1,41,16.6182V18A2.002,2.002,0,0,1,39,20Z\"><\/path><path d=\"M46,20H44a2.002,2.002,0,0,1-2-2V17a1,1,0,0,1,2,0v1h2V16.6182l-2.8945-1.4473A1.9893,1.9893,0,0,1,42,13.3818V12a2.002,2.002,0,0,1,2-2h2a2.002,2.002,0,0,1,2,2v1a1,1,0,0,1-2,0V12H44v1.3818l2.8945,1.4473A1.9893,1.9893,0,0,1,48,16.6182V18A2.002,2.002,0,0,1,46,20Z\"><\/path><path d=\"M34.0806,18.6187l-3.0782-7.4571a1.0064,1.0064,0,0,0-1.8486,0l-3.0781,7.457a1,1,0,0,0,1.8486.7626L28.4946,18h3.1671l.57,1.3813A1,1,0,0,0,34.0806,18.6187ZM29.32,16l.7579-1.8359L30.8361,16Z\"><\/path><path d=\"M69,14V12a2.002,2.002,0,0,0-2-2H64a1,1,0,0,0-1,1v8a1,1,0,0,0,2,0V16h1.2191l.8107,3.2427a1,1,0,0,0,1.94-.4854l-.7881-3.1526A1.9926,1.9926,0,0,0,69,14Zm-4-2h2l.0015,2H65Z\"><\/path><path d=\"M75,10H71a1,1,0,0,0,0,2h1v7a1,1,0,0,0,2,0V12h1A1,1,0,0,0,75,10Z\"><\/path><path d=\"M48,25A17.019,17.019,0,0,0,31,42c.9335,22.5529,33.07,22.5463,34,0A17.019,17.019,0,0,0,48,25ZM62.947,41H54.9815a40.9732,40.9732,0,0,0-.4183-5h7.1756A14.9226,14.9226,0,0,1,62.947,41ZM48,57c-1.5372,0-3.188-2.7311-4.1559-7h8.3118C51.188,54.2689,49.5372,57,48,57Zm-4.5445-9a38.083,38.083,0,0,1-.4364-5h9.9618a38.083,38.083,0,0,1-.4364,5Zm-.4364-7a38.083,38.083,0,0,1,.4364-5h9.089a38.083,38.083,0,0,1,.4364,5ZM48,27c1.5372,0,3.188,2.7311,4.1559,7H43.8441C44.812,29.7311,46.4628,27,48,27Zm12.6663,7H54.2034a19.1517,19.1517,0,0,0-2.441-6.5178A15.0631,15.0631,0,0,1,60.6663,34ZM44.2376,27.4822A19.1517,19.1517,0,0,0,41.7966,34H35.3337A15.0628,15.0628,0,0,1,44.2376,27.4822ZM34.2612,36h7.1756a40.9732,40.9732,0,0,0-.4183,5H33.053A14.9226,14.9226,0,0,1,34.2612,36Zm-1.2105,7h7.9678a40.9732,40.9732,0,0,0,.4183,5H34.2861A14.8986,14.8986,0,0,1,33.0507,43Zm2.2948,7h6.4511a19.15,19.15,0,0,0,2.4408,6.5173A15.0359,15.0359,0,0,1,35.3455,50Zm16.4171,6.5173A19.15,19.15,0,0,0,54.2034,50h6.4511A15.0356,15.0356,0,0,1,51.7626,56.5173ZM54.5632,48a40.9732,40.9732,0,0,0,.4183-5h7.9678a14.8986,14.8986,0,0,1-1.2354,5Z\"><\/path><path d=\"M62,67H32a1,1,0,0,1,0-2H62A1,1,0,0,1,62,67Z\"><\/path><path d=\"M55,72H39a1,1,0,0,1,0-2H55A1,1,0,0,1,55,72Z\"><\/path><\/g><\/svg>\t\t\t\t<\/span>\n\t\t\t<\/div>\n\t\t\t\t\t\t<div class=\"elementor-icon-box-content\">\n\t\t\t\t<h3 class=\"elementor-icon-box-title\">\n\t\t\t\t\t<span  >\n\t\t\t\t\t\tAssessoria de passaporte\t\t\t\t\t<\/span>\n\t\t\t\t<\/h3>\n\t\t\t\t\t\t\t<\/div>\n\t\t<\/div>\n\t\t\t\t<\/div>\n\t\t\t\t<\/div>\n\t\t\t\t<div class=\"elementor-element elementor-element-2667677 animated-slow elementor-view-default elementor-position-top elementor-mobile-position-top elementor-widget elementor-widget-icon-box\" data-id=\"2667677\" data-element_type=\"widget\" data-settings=\"{&quot;_animation&quot;:&quot;none&quot;,&quot;_animation_delay&quot;:300}\" data-widget_type=\"icon-box.default\">\n\t\t\t\t<div class=\"elementor-widget-container\">\n\t\t\t\t\t<div class=\"elementor-icon-box-wrapper\">\n\t\t\t\t\t\t<div class=\"elementor-icon-box-icon\">\n\t\t\t\t<span class=\"elementor-icon elementor-animation-\" >\n\t\t\t\t<svg xmlns=\"http:\/\/www.w3.org\/2000\/svg\" id=\"Capa_1\" height=\"512\" viewBox=\"0 0 512.002 512.002\" width=\"512\"><g><path d=\"m502.903 96.829c-6.634-7.842-15.924-12.632-26.161-13.487l-360.557-30.106c-10.238-.855-20.192 2.328-28.035 8.961-7.811 6.607-12.594 15.85-13.476 26.037l-7.254 68.056h-28.965c-21.204 0-38.455 17.251-38.455 38.455v225.702c0 21.204 17.251 38.455 38.455 38.455h361.813c21.205 0 38.456-17.251 38.456-38.455v-36.613l12.839 1.072c1.083.09 2.16.135 3.228.135 19.768 0 36.62-15.209 38.294-35.257l18.781-224.919c.854-10.237-2.329-20.193-8.963-28.036zm-464.448 79.461h361.813c10.176 0 18.456 8.279 18.456 18.455v20.566h-398.724v-20.566c0-10.176 8.279-18.455 18.455-18.455zm-18.455 59.021h398.724v41.489h-398.724zm380.268 203.591h-361.813c-10.176 0-18.455-8.279-18.455-18.455v-123.647h398.724v123.647c0 10.176-8.28 18.455-18.456 18.455zm91.667-315.702-18.781 224.919c-.847 10.141-9.788 17.706-19.927 16.856l-14.503-1.211v-169.019c0-21.204-17.251-38.455-38.456-38.455h-312.734l7.039-66.04c.008-.076.015-.151.021-.228.847-10.141 9.783-17.705 19.927-16.855l360.558 30.106c4.913.41 9.372 2.709 12.555 6.473s4.711 8.541 4.301 13.454z\"><\/path><path d=\"m376.873 326.532h-96.242c-5.523 0-10 4.477-10 10v62.789c0 5.523 4.477 10 10 10h96.242c5.523 0 10-4.477 10-10v-62.789c0-5.523-4.477-10-10-10zm-10 62.789h-76.242v-42.789h76.242z\"><\/path><\/g><\/svg>\t\t\t\t<\/span>\n\t\t\t<\/div>\n\t\t\t\t\t\t<div class=\"elementor-icon-box-content\">\n\t\t\t\t<h3 class=\"elementor-icon-box-title\">\n\t\t\t\t\t<span  >\n\t\t\t\t\t\tAssessoria de visto americano \t\t\t\t\t<\/span>\n\t\t\t\t<\/h3>\n\t\t\t\t\t\t\t<\/div>\n\t\t<\/div>\n\t\t\t\t<\/div>\n\t\t\t\t<\/div>\n\t\t\t\t<div class=\"elementor-element elementor-element-d682250 animated-slow elementor-view-default elementor-position-top elementor-mobile-position-top elementor-widget elementor-widget-icon-box\" data-id=\"d682250\" data-element_type=\"widget\" data-settings=\"{&quot;_animation&quot;:&quot;none&quot;,&quot;_animation_delay&quot;:300}\" data-widget_type=\"icon-box.default\">\n\t\t\t\t<div class=\"elementor-widget-container\">\n\t\t\t\t\t<div class=\"elementor-icon-box-wrapper\">\n\t\t\t\t\t\t<div class=\"elementor-icon-box-icon\">\n\t\t\t\t<span class=\"elementor-icon elementor-animation-\" >\n\t\t\t\t<svg xmlns=\"http:\/\/www.w3.org\/2000\/svg\" id=\"Layer_1\" height=\"512\" viewBox=\"0 0 512 512\" width=\"512\"><path d=\"m449.266 45.286h-80.574v-20.026c0-13.918-11.337-25.242-25.271-25.242-13.919 0-25.242 11.324-25.242 25.242v20.027h-124.357v-20.027c0-13.918-11.337-25.242-25.271-25.242-13.919 0-25.242 11.324-25.242 25.242v20.027h-80.576c-22.468 0-40.747 18.279-40.747 40.748v385.2c0 22.468 18.279 40.748 40.747 40.748h221.886.006.012 164.629c22.469 0 40.748-18.279 40.748-40.748v-385.2c0-22.469-18.28-40.749-40.748-40.749zm-117.114-20.026c0-6.213 5.055-11.268 11.268-11.268 6.229 0 11.297 5.055 11.297 11.268v54.028c0 6.213-5.067 11.268-11.297 11.268-6.213 0-11.268-5.055-11.268-11.268zm-174.869 0c0-6.213 5.055-11.268 11.268-11.268 6.229 0 11.297 5.055 11.297 11.268v54.028c0 6.213-5.067 11.268-11.297 11.268-6.213 0-11.268-5.055-11.268-11.268zm-94.55 34.001h80.575v20.027c0 13.919 11.323 25.243 25.242 25.243 13.935 0 25.271-11.324 25.271-25.243v-20.027h124.355v20.027c0 13.919 11.323 25.243 25.242 25.243 13.935 0 25.271-11.324 25.271-25.243v-20.027h80.574c14.763 0 26.773 12.011 26.773 26.773v66.203h-440.075v-66.203c0-14.762 12.01-26.773 26.772-26.773zm-26.772 411.974v-305.023h440.078v213.639c-7 3.405-14.7 5.196-22.493 5.196-11.955 0-23.257-4.03-32.683-11.655-1.684-1.36-3.901-1.865-6.003-1.367-2.104.498-3.86 1.942-4.754 3.912-24.814 54.662-69.856 97.961-126.914 122.071h-220.459c-14.762 0-26.772-12.011-26.772-26.773zm429.436-73.301c-33.377 45.62-82.446 78.38-138.19 92.794 14.574-9.23 28.179-19.874 40.696-31.854 21.28-20.368 38.515-43.733 51.316-69.552 10.344 6.37 22.058 9.7 34.326 9.7 3.987 0 7.955-.367 11.852-1.088zm-16.131 100.074h-97.877c49.92-17.287 93.599-48.901 124.651-90.958v64.185c-.001 14.762-12.012 26.773-26.774 26.773zm-319.805-299.027h-46.487c-7.87 0-14.272 6.39-14.272 14.244v46.488c0 7.87 6.402 14.272 14.272 14.272h46.487c7.854 0 14.244-6.402 14.244-14.272v-46.488c0-7.854-6.39-14.244-14.244-14.244zm.269 60.732c0 .158-.15.298-.27.298h-46.486c-.139 0-.298-.159-.298-.298v-46.488c0-.119.141-.269.298-.269h46.487c.139 0 .27.131.27.269v46.488zm99.568-60.732h-46.488c-7.854 0-14.244 6.39-14.244 14.244v46.488c0 7.87 6.39 14.272 14.244 14.272h46.488c7.869 0 14.271-6.402 14.271-14.272v-46.488c0-7.854-6.402-14.244-14.271-14.244zm.297 60.732c0 .139-.158.298-.297.298h-46.488c-.119 0-.27-.14-.27-.298v-46.488c0-.138.131-.269.27-.269h46.488c.157 0 .297.15.297.269zm53.079 14.273h46.488c7.854 0 14.244-6.402 14.244-14.272v-46.488c0-7.854-6.39-14.244-14.244-14.244h-46.488c-7.854 0-14.244 6.39-14.244 14.244v46.488c0 7.869 6.389 14.272 14.244 14.272zm-.27-60.761c0-.138.131-.269.27-.269h46.488c.139 0 .27.131.27.269v46.488c0 .158-.15.298-.27.298h-46.488c-.119 0-.27-.14-.27-.298zm100.134 60.761h46.488c7.854 0 14.244-6.402 14.244-14.272v-46.488c0-7.854-6.39-14.244-14.244-14.244h-46.488c-7.87 0-14.272 6.39-14.272 14.244v46.488c0 7.869 6.402 14.272 14.272 14.272zm-.298-60.761c0-.119.141-.269.298-.269h46.488c.139 0 .27.131.27.269v46.488c0 .158-.15.298-.27.298h-46.488c-.137 0-.298-.162-.298-.298zm-252.779 85.62h-46.487c-7.87 0-14.272 6.39-14.272 14.244v46.488c0 7.854 6.402 14.244 14.272 14.244h46.487c7.854 0 14.244-6.39 14.244-14.244v-46.487c0-7.855-6.39-14.245-14.244-14.245zm.269 60.733c0 .138-.131.269-.27.269h-46.486c-.157 0-.298-.15-.298-.269v-46.488c0-.119.141-.27.298-.27h46.487c.139 0 .27.131.27.27v46.488zm99.568-60.733h-46.488c-7.854 0-14.244 6.39-14.244 14.244v46.488c0 7.854 6.39 14.244 14.244 14.244h46.488c7.869 0 14.271-6.39 14.271-14.244v-46.487c0-7.855-6.402-14.245-14.271-14.245zm.297 60.733c0 .119-.14.269-.297.269h-46.488c-.139 0-.27-.131-.27-.269v-46.488c0-.139.131-.27.27-.27h46.488c.157 0 .297.151.297.27zm99.567 14.244c7.854 0 14.244-6.39 14.244-14.244v-46.488c0-7.854-6.39-14.244-14.244-14.244h-46.488c-7.854 0-14.244 6.39-14.244 14.244v46.488c0 7.854 6.39 14.244 14.244 14.244zm-46.758-14.244v-46.488c0-.139.131-.27.27-.27h46.488c.139 0 .27.131.27.27v46.488c0 .138-.131.269-.27.269h-46.488c-.139 0-.27-.131-.27-.269zm-152.943 39.104h-46.487c-7.87 0-14.272 6.402-14.272 14.272v46.488c0 7.854 6.402 14.244 14.272 14.244h46.487c7.854 0 14.244-6.39 14.244-14.244v-46.488c0-7.87-6.39-14.272-14.244-14.272zm.269 60.76c0 .139-.131.27-.27.27h-46.486c-.157 0-.298-.151-.298-.27v-46.488c0-.139.159-.298.298-.298h46.487c.119 0 .27.14.27.298v46.488zm99.568-60.76h-46.488c-7.854 0-14.244 6.402-14.244 14.272v46.488c0 7.854 6.39 14.244 14.244 14.244h46.488c7.869 0 14.271-6.39 14.271-14.244v-46.488c0-7.87-6.402-14.272-14.271-14.272zm.297 60.76c0 .119-.14.27-.297.27h-46.488c-.139 0-.27-.131-.27-.27v-46.488c0-.158.15-.298.27-.298h46.488c.139 0 .297.159.297.298z\"><\/path><\/svg>\t\t\t\t<\/span>\n\t\t\t<\/div>\n\t\t\t\t\t\t<div class=\"elementor-icon-box-content\">\n\t\t\t\t<h3 class=\"elementor-icon-box-title\">\n\t\t\t\t\t<span  >\n\t\t\t\t\t\tAdiantamento de data \t\t\t\t\t<\/span>\n\t\t\t\t<\/h3>\n\t\t\t\t\t\t\t<\/div>\n\t\t<\/div>\n\t\t\t\t<\/div>\n\t\t\t\t<\/div>\n\t\t\t\t\t<\/div>\n\t\t\t\t<\/div>\n\t\t<div class=\"elementor-element elementor-element-f1af29f e-flex e-con-boxed e-con\" data-id=\"f1af29f\" data-element_type=\"container\" data-settings=\"{&quot;content_width&quot;:&quot;boxed&quot;}\">\n\t\t\t\t\t<div class=\"e-con-inner\">\n\t\t\t\t<div class=\"elementor-element elementor-element-0996735 elementor-align-center elementor-widget elementor-widget-button\" data-id=\"0996735\" data-element_type=\"widget\" data-widget_type=\"button.default\">\n\t\t\t\t<div class=\"elementor-widget-container\">\n\t\t\t\t\t<div class=\"elementor-button-wrapper\">\n\t\t\t<a class=\"elementor-button elementor-button-link elementor-size-sm\" href=\"https:\/\/api.whatsapp.com\/send?phone=5511954325047&#038;text=Quero%20facilitar%20a%20minha%20entrada%20nos%20EUA!\">\n\t\t\t\t\t\t<span class=\"elementor-button-content-wrapper\">\n\t\t\t\t\t\t<span class=\"elementor-button-text\">Quero facilitar minha entrada nos EUA<\/span>\n\t\t<\/span>\n\t\t\t\t\t<\/a>\n\t\t<\/div>\n\t\t\t\t<\/div>\n\t\t\t\t<\/div>\n\t\t\t\t\t<\/div>\n\t\t\t\t<\/div>\n\t\t\t\t\t\t\t<\/div>\n\t\t","protected":false},"excerpt":{"rendered":"<p>Servi\u00e7os Facilitamos o seu processo de obten\u00e7\u00e3o da autoriza\u00e7\u00e3o para entrada nos Estados Unidos! An\u00e1lise de perfil Assessoria de passaporte Assessoria de visto americano Adiantamento de data Quero facilitar minha entrada nos EUA<\/p>\n","protected":false},"author":1,"featured_media":0,"parent":0,"menu_order":0,"comment_status":"closed","ping_status":"closed","template":"elementor_header_footer","meta":{"footnotes":""},"_links":{"self":[{"href":"https:\/\/vistoturbo.com\/index.php\/wp-json\/wp\/v2\/pages\/229"}],"collection":[{"href":"https:\/\/vistoturbo.com\/index.php\/wp-json\/wp\/v2\/pages"}],"about":[{"href":"https:\/\/vistoturbo.com\/index.php\/wp-json\/wp\/v2\/types\/page"}],"author":[{"embeddable":true,"href":"https:\/\/vistoturbo.com\/index.php\/wp-json\/wp\/v2\/users\/1"}],"replies":[{"embeddable":true,"href":"https:\/\/vistoturbo.com\/index.php\/wp-json\/wp\/v2\/comments?post=229"}],"version-history":[{"count":16,"href":"https:\/\/vistoturbo.com\/index.php\/wp-json\/wp\/v2\/pages\/229\/revisions"}],"predecessor-version":[{"id":551,"href":"https:\/\/vistoturbo.com\/index.php\/wp-json\/wp\/v2\/pages\/229\/revisions\/551"}],"wp:attachment":[{"href":"https:\/\/vistoturbo.com\/index.php\/wp-json\/wp\/v2\/media?parent=229"}],"curies":[{"name":"wp","href":"https:\/\/api.w.org\/{rel}","templated":true}]}}